{"id":235,"date":"2017-10-07T17:39:36","date_gmt":"2017-10-07T16:39:36","guid":{"rendered":"http:\/\/gabrijela.neobee.net\/?page_id=235"},"modified":"2025-12-09T21:26:57","modified_gmt":"2025-12-09T20:26:57","slug":"pocetna","status":"publish","type":"page","link":"https:\/\/gabrijela.neobee.net\/","title":{"rendered":"Po\u010detna"},"content":{"rendered":"\n<p><strong>VA\u017dNO!<\/strong><\/p>\n\n\n\n<p>Na ispit mogu iza\u0107i samo oni studenti koji se nalaze na spisku prijavljenih studenata za polaganje ispita, tj. samo oni studenti koji su prijavili ispit!<\/p>\n\n\n\n<p>Prvi deo zavr\u0161nog ispita (prvi kolokvijum) iz Matematike 1 \u0107e biti odr\u017ean 10.januara u 15:30.<\/p>\n\n\n\n<p><strong>OP\u0160TE INFORMACIJE O NASTAVI I KONSULTACIJAMA:<\/strong><\/p>\n\n\n\n<p><strong>Raspored nastave<\/strong><\/p>\n\n\n\n<p><\/p>\n\n\n\n<p><a href=\"https:\/\/ftn.uns.ac.rs\/wp-content\/uploads\/2025\/11\/osssit-6.pdf\">https:\/\/ftn.uns.ac.rs\/wp-content\/uploads\/2025\/11\/osssit-6.pdf<\/a><\/p>\n\n\n\n<p><strong>Konsultacije:&nbsp;<\/strong>&nbsp; Za konsultacije se dogovaramo mejlom, kada Vam odgovara.<\/p>\n\n\n\n<p><strong>BODOVI I ODGOVARAJU\u0106E OCENE:<\/strong><br>0-50 bodova\u2026\u2026\u2026.. ispit nije polo\u017een<br>51-60 bodova\u2026\u2026\u2026. 6 (\u0161est)<br>61-70 bodova\u2026\u2026\u2026. 7 (sedam)<br>71-80 bodova\u2026\u2026\u2026. 8 (osam)<br>81-90 bodova\u2026\u2026\u2026. 9 (devet)<br>91-100 bodova\u2026\u2026\u2026 10 (deset)<\/p>\n\n\n\n<p><\/p>\n","protected":false},"excerpt":{"rendered":"<p>VA\u017dNO! Na ispit mogu iza\u0107i samo oni studenti koji se nalaze na spisku prijavljenih studenata za polaganje ispita, tj. samo oni studenti koji su prijavili ispit! Prvi deo zavr\u0161nog ispita (prvi kolokvijum) iz Matematike 1 \u0107e biti odr\u017ean 10.januara u 15:30. OP\u0160TE INFORMACIJE O NASTAVI I KONSULTACIJAMA: Raspored nastave https:\/\/ftn.uns.ac.rs\/wp-content\/uploads\/2025\/11\/osssit-6.pdf Konsultacije:&nbsp;&nbsp; Za konsultacije se dogovaramo mejlom, kada Vam odgovara. BODOVI I ODGOVARAJU\u0106E OCENE:0-50 bodova\u2026\u2026\u2026.. ispit nije polo\u017een51-60 bodova\u2026\u2026\u2026. 6 (\u0161est)61-70 bodova\u2026\u2026\u2026. 7 (sedam)71-80 bodova\u2026\u2026\u2026. 8 (osam)81-90 bodova\u2026\u2026\u2026. 9 (devet)91-100 bodova\u2026\u2026\u2026 10 (deset)<\/p>\n","protected":false},"author":1,"featured_media":0,"parent":0,"menu_order":0,"comment_status":"closed","ping_status":"closed","template":"","meta":{"footnotes":""},"class_list":["post-235","page","type-page","status-publish","hentry"],"_links":{"self":[{"href":"https:\/\/gabrijela.neobee.net\/index.php?rest_route=\/wp\/v2\/pages\/235","targetHints":{"allow":["GET"]}}],"collection":[{"href":"https:\/\/gabrijela.neobee.net\/index.php?rest_route=\/wp\/v2\/pages"}],"about":[{"href":"https:\/\/gabrijela.neobee.net\/index.php?rest_route=\/wp\/v2\/types\/page"}],"author":[{"embeddable":true,"href":"https:\/\/gabrijela.neobee.net\/index.php?rest_route=\/wp\/v2\/users\/1"}],"replies":[{"embeddable":true,"href":"https:\/\/gabrijela.neobee.net\/index.php?rest_route=%2Fwp%2Fv2%2Fcomments&post=235"}],"version-history":[{"count":37,"href":"https:\/\/gabrijela.neobee.net\/index.php?rest_route=\/wp\/v2\/pages\/235\/revisions"}],"predecessor-version":[{"id":1956,"href":"https:\/\/gabrijela.neobee.net\/index.php?rest_route=\/wp\/v2\/pages\/235\/revisions\/1956"}],"wp:attachment":[{"href":"https:\/\/gabrijela.neobee.net\/index.php?rest_route=%2Fwp%2Fv2%2Fmedia&parent=235"}],"curies":[{"name":"wp","href":"https:\/\/api.w.org\/{rel}","templated":true}]}}